{"id":42,"date":"2015-03-09T14:04:52","date_gmt":"2015-03-09T14:04:52","guid":{"rendered":"http:\/\/ddcity.com.br\/yl\/?page_id=42"},"modified":"2019-01-17T12:45:51","modified_gmt":"2019-01-17T14:45:51","slug":"home","status":"publish","type":"page","link":"https:\/\/ddcity.com.br\/","title":{"rendered":"Home"},"content":{"rendered":"<p><div class=\"et_pb_section et_pb_fullwidth_section et_section_regular\">\r\n\t\t\t\r\n\t\t\t\r\n\t\t\t\t\r\n\t\t\t\t<div class=\"et_pb_slider et_slider_auto et_slider_speed_7000\">\r\n\t\t\t<div class=\"et_pb_slides\">\r\n\t\t\t\t<div class=\"et_pb_slide et_pb_slide_with_image et_pb_bg_layout_dark\" style='background-color:#ffffff;background-image:url(http:\/\/ddcity.com.br\/yl\/wp-content\/uploads\/2015\/03\/jardim.jpg);'>\r\n\t\t\t\r\n\t\t\t<div class=\"et_pb_container clearfix\">\r\n\t\t\t\t<div class=\"et_pb_slide_image\"><img src=\"http:\/\/ddcity.com.br\/yl\/wp-content\/uploads\/2015\/03\/dedetizador.png\" alt=\"\" \/><\/div>\r\n\t\t\t\t<div class=\"et_pb_slide_description\">\r\n\t\t\t\t\t\r\n\t\t\t\t\t<div class=\"et_pb_slide_content\"><\/div>\r\n\t\t\t\t\t\r\n\t\t\t\t<\/div> <!-- .et_pb_slide_description -->\r\n\t\t\t<\/div> <!-- .et_pb_container -->\r\n\t\t\t\r\n\t\t<\/div> <!-- .et_pb_slide -->\r\n\t\t<div class=\"et_pb_slide et_pb_bg_layout_dark et_pb_media_alignment_center\" style='background-color:#ffffff;background-image:url(http:\/\/ddcity.com.br\/yl\/wp-content\/uploads\/2015\/03\/desentupimento.jpg);'>\r\n\t\t\t\r\n\t\t\t<div class=\"et_pb_container clearfix\">\r\n\t\t\t\t\r\n\t\t\t\t<div class=\"et_pb_slide_description\">\r\n\t\t\t\t\t\r\n\t\t\t\t\t<div class=\"et_pb_slide_content\"><\/div>\r\n\t\t\t\t\t\r\n\t\t\t\t<\/div> <!-- .et_pb_slide_description -->\r\n\t\t\t<\/div> <!-- .et_pb_container -->\r\n\t\t\t\r\n\t\t<\/div> <!-- .et_pb_slide -->\r\n\t\t<div class=\"et_pb_slide et_pb_bg_layout_dark et_pb_media_alignment_center\" style='background-color:#ffffff;background-image:url(http:\/\/ddcity.com.br\/yl\/wp-content\/uploads\/2015\/03\/caixadagua.jpg);'>\r\n\t\t\t\r\n\t\t\t<div class=\"et_pb_container clearfix\">\r\n\t\t\t\t\r\n\t\t\t\t<div class=\"et_pb_slide_description\">\r\n\t\t\t\t\t\r\n\t\t\t\t\t<div class=\"et_pb_slide_content\"><\/div>\r\n\t\t\t\t\t\r\n\t\t\t\t<\/div> <!-- .et_pb_slide_description -->\r\n\t\t\t<\/div> <!-- .et_pb_container -->\r\n\t\t\t\r\n\t\t<\/div> <!-- .et_pb_slide -->\r\n\t\t\r\n\t\t\t<\/div> <!-- .et_pb_slides -->\r\n\t\t<\/div> <!-- .et_pb_slider -->\r\n\t\t\r\n\t\t\t\r\n\t\t<\/div> <!-- .et_pb_section --><div id=\"quem_somos\" class=\"et_pb_section et_section_regular\" style='background-color:#ffffff;'>\r\n\t\t\t\r\n\t\t\t\r\n\t\t\t\t\r\n\t\t\t\t<div class=\"et_pb_row\">\r\n\t\t\t<div class=\"et_pb_column et_pb_column_2_3\">\r\n\t\t\t<hr class=\"et_pb_space et_pb_divider\" style='border-color: #ffffff;height:40pxpx;' \/><div class=\"et_pb_text et_pb_bg_layout_light et_pb_text_align_left\">\r\n\t\t\t\n<p>H\u00e1 mais de\u00a020\u00a0anos n\u00f3s da DD City atendemos empresas, resid\u00eancias, com\u00e9rcios e condom\u00ednios, oferecendo solu\u00e7\u00f5es eficazes para controle de pragas, impermeabiliza\u00e7\u00e3o ou limpeza de caixa d&#8217;\u00e1gua e desentupimento.<\/p>\n<p>Com uma equipe cuidadosamente treinada e com a utiliza\u00e7\u00e3o de produtos de alta qualidade, nosso compromisso \u00e9 garantir o bem-estar de seu ambiente familiar ou empresarial.<\/p>\n\r\n\t\t<\/div> <!-- .et_pb_text -->\r\n\t\t<\/div> <!-- .et_pb_column --><div class=\"et_pb_column et_pb_column_1_3\">\r\n\t\t\t<img src=\"http:\/\/ddcity.com.br\/yl\/wp-content\/uploads\/2015\/03\/predios.png\" alt=\"\" class=\"et-waypoint et_pb_image et_pb_animation_left\" \/>\r\n\t\t<\/div> <!-- .et_pb_column -->\r\n\t\t<\/div> <!-- .et_pb_row -->\r\n\t\t\t\r\n\t\t<\/div> <!-- .et_pb_section --><div id=\"servicos\" class=\"et_pb_section et_section_regular\" style='background-color:#ededed;'>\r\n\t\t\t\r\n\t\t\t\r\n\t\t\t\t\r\n\t\t\t\t<div class=\"et_pb_row\">\r\n\t\t\t<div class=\"et_pb_column et_pb_column_1_4\">\r\n\t\t\t<hr class=\"et_pb_space\" style='height:30px;' \/><div class=\"et_pb_blurb et_pb_bg_layout_light et_pb_text_align_center et_pb_blurb_position_left\">\r\n\t\t\t<div class=\"et_pb_blurb_content\">\r\n\t\t\t\t<div class=\"et_pb_main_blurb_image\"><img src=\"http:\/\/ddcity.com.br\/yl\/wp-content\/uploads\/2015\/03\/barata.png\" alt=\"\" class=\"et-waypoint et_pb_animation_top\" \/><\/div>\r\n\t\t\t\t<h4>Desinsetiza\u00e7\u00e3o<\/h4>\r\n\t\t\t\t\r\n\t\t\t<\/div> <!-- .et_pb_blurb_content -->\r\n\t\t<\/div> <!-- .et_pb_blurb --><div class=\"et_pb_blurb et_pb_bg_layout_light et_pb_text_align_center et_pb_blurb_position_left\">\r\n\t\t\t<div class=\"et_pb_blurb_content\">\r\n\t\t\t\t<div class=\"et_pb_main_blurb_image\"><img src=\"http:\/\/ddcity.com.br\/yl\/wp-content\/uploads\/2015\/03\/cupim.png\" alt=\"\" class=\"et-waypoint et_pb_animation_top\" \/><\/div>\r\n\t\t\t\t<h4>Descupiniza\u00e7\u00e3o<\/h4>\r\n\t\t\t\t\r\n\t\t\t<\/div> <!-- .et_pb_blurb_content -->\r\n\t\t<\/div> <!-- .et_pb_blurb --><div class=\"et_pb_blurb et_pb_bg_layout_light et_pb_text_align_center et_pb_blurb_position_left\">\r\n\t\t\t<div class=\"et_pb_blurb_content\">\r\n\t\t\t\t<div class=\"et_pb_main_blurb_image\"><img src=\"http:\/\/ddcity.com.br\/yl\/wp-content\/uploads\/2015\/03\/rato.png\" alt=\"\" class=\"et-waypoint et_pb_animation_top\" \/><\/div>\r\n\t\t\t\t<h4>Desratiza\u00e7\u00e3o<\/h4>\r\n\t\t\t\t\r\n\t\t\t<\/div> <!-- .et_pb_blurb_content -->\r\n\t\t<\/div> <!-- .et_pb_blurb --><div class=\"et_pb_blurb et_pb_bg_layout_light et_pb_text_align_center et_pb_blurb_position_left\">\r\n\t\t\t<div class=\"et_pb_blurb_content\">\r\n\t\t\t\t<div class=\"et_pb_main_blurb_image\"><img src=\"http:\/\/ddcity.com.br\/yl\/wp-content\/uploads\/2015\/03\/desentupimento.png\" alt=\"\" class=\"et-waypoint et_pb_animation_top\" \/><\/div>\r\n\t\t\t\t<h4>Desentupimento<\/h4>\r\n\t\t\t\t\r\n\t\t\t<\/div> <!-- .et_pb_blurb_content -->\r\n\t\t<\/div> <!-- .et_pb_blurb -->\r\n\t\t<\/div> <!-- .et_pb_column --><div class=\"et_pb_column et_pb_column_1_2\">\r\n\t\t\t<hr class=\"et_pb_space\" style='height:30px;' \/><div class=\"et_pb_blurb et_pb_bg_layout_light et_pb_text_align_center et_pb_blurb_position_left\">\r\n\t\t\t<div class=\"et_pb_blurb_content\">\r\n\t\t\t\t<div class=\"et_pb_main_blurb_image\"><img src=\"http:\/\/ddcity.com.br\/yl\/wp-content\/uploads\/2015\/03\/morcego.png\" alt=\"\" class=\"et-waypoint et_pb_animation_top\" \/><\/div>\r\n\t\t\t\t<h4>Controle de morcegos<\/h4>\r\n\t\t\t\t\r\n\t\t\t<\/div> <!-- .et_pb_blurb_content -->\r\n\t\t<\/div> <!-- .et_pb_blurb --><div class=\"et_pb_blurb et_pb_bg_layout_light et_pb_text_align_center et_pb_blurb_position_left\">\r\n\t\t\t<div class=\"et_pb_blurb_content\">\r\n\t\t\t\t<div class=\"et_pb_main_blurb_image\"><img src=\"http:\/\/ddcity.com.br\/yl\/wp-content\/uploads\/2015\/03\/pombo.png\" alt=\"\" class=\"et-waypoint et_pb_animation_top\" \/><\/div>\r\n\t\t\t\t<h4>Controle de pombos<\/h4>\r\n\t\t\t\t\r\n\t\t\t<\/div> <!-- .et_pb_blurb_content -->\r\n\t\t<\/div> <!-- .et_pb_blurb --><div class=\"et_pb_blurb et_pb_bg_layout_light et_pb_text_align_center et_pb_blurb_position_left\">\r\n\t\t\t<div class=\"et_pb_blurb_content\">\r\n\t\t\t\t<div class=\"et_pb_main_blurb_image\"><img src=\"http:\/\/ddcity.com.br\/yl\/wp-content\/uploads\/2015\/03\/caixa_dagua.png\" alt=\"\" class=\"et-waypoint et_pb_animation_top\" \/><\/div>\r\n\t\t\t\t<h4>Limpeza de caixa d'\u00e1gua<\/h4>\r\n\t\t\t\t\r\n\t\t\t<\/div> <!-- .et_pb_blurb_content -->\r\n\t\t<\/div> <!-- .et_pb_blurb --><div class=\"et_pb_blurb et_pb_bg_layout_light et_pb_text_align_center et_pb_blurb_position_left\">\r\n\t\t\t<div class=\"et_pb_blurb_content\">\r\n\t\t\t\t<div class=\"et_pb_main_blurb_image\"><img src=\"http:\/\/ddcity.com.br\/yl\/wp-content\/uploads\/2015\/03\/imperbealizacao.png\" alt=\"\" class=\"et-waypoint et_pb_animation_top\" \/><\/div>\r\n\t\t\t\t<h4>Impermeabiliza\u00e7\u00e3o de caixa d'\u00e1gua<\/h4>\r\n\t\t\t\t\r\n\t\t\t<\/div> <!-- .et_pb_blurb_content -->\r\n\t\t<\/div> <!-- .et_pb_blurb -->\r\n\t\t<\/div> <!-- .et_pb_column --><div class=\"et_pb_column et_pb_column_1_4\">\r\n\t\t\t<img src=\"http:\/\/ddcity.com.br\/yl\/wp-content\/uploads\/2015\/03\/mascote.png\" alt=\"\" class=\"et-waypoint et_pb_image et_pb_animation_left\" \/>\r\n\t\t<\/div> <!-- .et_pb_column -->\r\n\t\t<\/div> <!-- .et_pb_row -->\r\n\t\t\t\r\n\t\t<\/div> <!-- .et_pb_section --><div id=\"fotos\" class=\"et_pb_section et_pb_fullwidth_section et_section_regular\" style='background-color:#ffffff;'>\r\n\t\t\t\r\n\t\t\t\r\n\t\t\t\t\r\n\t\t\t\t<div class=\"et_pb_fullwidth_portfolio et_pb_fullwidth_portfolio_carousel et_pb_bg_layout_light\" data-auto-rotate=\"on\" data-auto-rotate-speed=\"8000\">\r\n\t\t\t\r\n\t\t\t<div class=\"et_pb_portfolio_items clearfix\" data-columns=\"\">\r\n\t\t\t\t\t\t\t<div id=\"post-157\" class=\"et_pb_portfolio_item  post-157 project type-project status-publish has-post-thumbnail hentry\">\r\n\t\t\t\t\t\t\t\t<div class=\"et_pb_portfolio_image portrait\">\r\n\t\t\t\t\t\t<a href=\"https:\/\/ddcity.com.br\/yl\/wp-content\/uploads\/2015\/05\/IMG_20140820_130521800.jpg\" class=\"et_pb_lightbox_image\">\r\n<img src=\"https:\/\/ddcity.com.br\/yl\/wp-content\/uploads\/2015\/05\/IMG_20140820_130521800.jpg\" alt=\"foto15\"\/>\r\n\t\t\t\t\t\t\t<div class=\"meta\">\r\n\t\t\t\t\t\t\t\t<span class=\"et_overlay\"><\/span>\r\n\r\n\t\t\t\t\t\t\t\t\r\n\t\t\t\t\t\t\t\t\t\t\t\t\t\t\t<\/div>\r\n\t\t\t\t\t\t<\/a>\r\n\t\t\t\t\t<\/div>\r\n\t\t\t\t\t\t<\/div>\r\n\t\t\t\t\t\t<div id=\"post-154\" class=\"et_pb_portfolio_item  post-154 project type-project status-publish has-post-thumbnail hentry\">\r\n\t\t\t\t\t\t\t\t<div class=\"et_pb_portfolio_image landscape\">\r\n\t\t\t\t\t\t<a href=\"https:\/\/ddcity.com.br\/yl\/wp-content\/uploads\/2015\/05\/IMG_20140402_095932340.jpg\" class=\"et_pb_lightbox_image\">\r\n<img src=\"https:\/\/ddcity.com.br\/yl\/wp-content\/uploads\/2015\/05\/IMG_20140402_095932340.jpg\" alt=\"foto14\"\/>\r\n\t\t\t\t\t\t\t<div class=\"meta\">\r\n\t\t\t\t\t\t\t\t<span class=\"et_overlay\"><\/span>\r\n\r\n\t\t\t\t\t\t\t\t\r\n\t\t\t\t\t\t\t\t\t\t\t\t\t\t\t<\/div>\r\n\t\t\t\t\t\t<\/a>\r\n\t\t\t\t\t<\/div>\r\n\t\t\t\t\t\t<\/div>\r\n\t\t\t\t\t\t<div id=\"post-151\" class=\"et_pb_portfolio_item  post-151 project type-project status-publish has-post-thumbnail hentry\">\r\n\t\t\t\t\t\t\t\t<div class=\"et_pb_portfolio_image landscape\">\r\n\t\t\t\t\t\t<a href=\"https:\/\/ddcity.com.br\/yl\/wp-content\/uploads\/2015\/05\/IMG_20140402_095903373.jpg\" class=\"et_pb_lightbox_image\">\r\n<img src=\"https:\/\/ddcity.com.br\/yl\/wp-content\/uploads\/2015\/05\/IMG_20140402_095903373.jpg\" alt=\"foto13\"\/>\r\n\t\t\t\t\t\t\t<div class=\"meta\">\r\n\t\t\t\t\t\t\t\t<span class=\"et_overlay\"><\/span>\r\n\r\n\t\t\t\t\t\t\t\t\r\n\t\t\t\t\t\t\t\t\t\t\t\t\t\t\t<\/div>\r\n\t\t\t\t\t\t<\/a>\r\n\t\t\t\t\t<\/div>\r\n\t\t\t\t\t\t<\/div>\r\n\t\t\t\t\t\t<div id=\"post-148\" class=\"et_pb_portfolio_item  post-148 project type-project status-publish has-post-thumbnail hentry\">\r\n\t\t\t\t\t\t\t\t<div class=\"et_pb_portfolio_image landscape\">\r\n\t\t\t\t\t\t<a href=\"https:\/\/ddcity.com.br\/yl\/wp-content\/uploads\/2015\/05\/DSCN3385.jpg\" class=\"et_pb_lightbox_image\">\r\n<img src=\"https:\/\/ddcity.com.br\/yl\/wp-content\/uploads\/2015\/05\/DSCN3385.jpg\" alt=\"foto12\"\/>\r\n\t\t\t\t\t\t\t<div class=\"meta\">\r\n\t\t\t\t\t\t\t\t<span class=\"et_overlay\"><\/span>\r\n\r\n\t\t\t\t\t\t\t\t\r\n\t\t\t\t\t\t\t\t\t\t\t\t\t\t\t<\/div>\r\n\t\t\t\t\t\t<\/a>\r\n\t\t\t\t\t<\/div>\r\n\t\t\t\t\t\t<\/div>\r\n\t\t\t\t\t\t<div id=\"post-145\" class=\"et_pb_portfolio_item  post-145 project type-project status-publish has-post-thumbnail hentry\">\r\n\t\t\t\t\t\t\t\t<div class=\"et_pb_portfolio_image landscape\">\r\n\t\t\t\t\t\t<a href=\"https:\/\/ddcity.com.br\/yl\/wp-content\/uploads\/2015\/05\/DSCN3383.jpg\" class=\"et_pb_lightbox_image\">\r\n<img src=\"https:\/\/ddcity.com.br\/yl\/wp-content\/uploads\/2015\/05\/DSCN3383.jpg\" alt=\"foto11\"\/>\r\n\t\t\t\t\t\t\t<div class=\"meta\">\r\n\t\t\t\t\t\t\t\t<span class=\"et_overlay\"><\/span>\r\n\r\n\t\t\t\t\t\t\t\t\r\n\t\t\t\t\t\t\t\t\t\t\t\t\t\t\t<\/div>\r\n\t\t\t\t\t\t<\/a>\r\n\t\t\t\t\t<\/div>\r\n\t\t\t\t\t\t<\/div>\r\n\t\t\t\t\t\t<div id=\"post-142\" class=\"et_pb_portfolio_item  post-142 project type-project status-publish has-post-thumbnail hentry\">\r\n\t\t\t\t\t\t\t\t<div class=\"et_pb_portfolio_image landscape\">\r\n\t\t\t\t\t\t<a href=\"https:\/\/ddcity.com.br\/yl\/wp-content\/uploads\/2015\/05\/DSCN3335.jpg\" class=\"et_pb_lightbox_image\">\r\n<img src=\"https:\/\/ddcity.com.br\/yl\/wp-content\/uploads\/2015\/05\/DSCN3335.jpg\" alt=\"foto10\"\/>\r\n\t\t\t\t\t\t\t<div class=\"meta\">\r\n\t\t\t\t\t\t\t\t<span class=\"et_overlay\"><\/span>\r\n\r\n\t\t\t\t\t\t\t\t\r\n\t\t\t\t\t\t\t\t\t\t\t\t\t\t\t<\/div>\r\n\t\t\t\t\t\t<\/a>\r\n\t\t\t\t\t<\/div>\r\n\t\t\t\t\t\t<\/div>\r\n\t\t\t\t\t\t<div id=\"post-139\" class=\"et_pb_portfolio_item  post-139 project type-project status-publish has-post-thumbnail hentry\">\r\n\t\t\t\t\t\t\t\t<div class=\"et_pb_portfolio_image landscape\">\r\n\t\t\t\t\t\t<a href=\"https:\/\/ddcity.com.br\/yl\/wp-content\/uploads\/2015\/05\/DSCN3330.jpg\" class=\"et_pb_lightbox_image\">\r\n<img src=\"https:\/\/ddcity.com.br\/yl\/wp-content\/uploads\/2015\/05\/DSCN3330.jpg\" alt=\"foto9\"\/>\r\n\t\t\t\t\t\t\t<div class=\"meta\">\r\n\t\t\t\t\t\t\t\t<span class=\"et_overlay\"><\/span>\r\n\r\n\t\t\t\t\t\t\t\t\r\n\t\t\t\t\t\t\t\t\t\t\t\t\t\t\t<\/div>\r\n\t\t\t\t\t\t<\/a>\r\n\t\t\t\t\t<\/div>\r\n\t\t\t\t\t\t<\/div>\r\n\t\t\t\t\t\t<div id=\"post-115\" class=\"et_pb_portfolio_item  post-115 project type-project status-publish has-post-thumbnail hentry\">\r\n\t\t\t\t\t\t\t\t<div class=\"et_pb_portfolio_image landscape\">\r\n\t\t\t\t\t\t<a href=\"https:\/\/ddcity.com.br\/yl\/wp-content\/uploads\/2015\/03\/8.jpg\" class=\"et_pb_lightbox_image\">\r\n<img src=\"https:\/\/ddcity.com.br\/yl\/wp-content\/uploads\/2015\/03\/8.jpg\" alt=\"Foto8\"\/>\r\n\t\t\t\t\t\t\t<div class=\"meta\">\r\n\t\t\t\t\t\t\t\t<span class=\"et_overlay\"><\/span>\r\n\r\n\t\t\t\t\t\t\t\t\r\n\t\t\t\t\t\t\t\t\t\t\t\t\t\t\t<\/div>\r\n\t\t\t\t\t\t<\/a>\r\n\t\t\t\t\t<\/div>\r\n\t\t\t\t\t\t<\/div>\r\n\t\t\t\t\t\t<div id=\"post-112\" class=\"et_pb_portfolio_item  post-112 project type-project status-publish has-post-thumbnail hentry\">\r\n\t\t\t\t\t\t\t\t<div class=\"et_pb_portfolio_image landscape\">\r\n\t\t\t\t\t\t<a href=\"https:\/\/ddcity.com.br\/yl\/wp-content\/uploads\/2015\/03\/7.jpg\" class=\"et_pb_lightbox_image\">\r\n<img src=\"https:\/\/ddcity.com.br\/yl\/wp-content\/uploads\/2015\/03\/7.jpg\" alt=\"Foto7\"\/>\r\n\t\t\t\t\t\t\t<div class=\"meta\">\r\n\t\t\t\t\t\t\t\t<span class=\"et_overlay\"><\/span>\r\n\r\n\t\t\t\t\t\t\t\t\r\n\t\t\t\t\t\t\t\t\t\t\t\t\t\t\t<\/div>\r\n\t\t\t\t\t\t<\/a>\r\n\t\t\t\t\t<\/div>\r\n\t\t\t\t\t\t<\/div>\r\n\t\t\t\t\t\t<div id=\"post-109\" class=\"et_pb_portfolio_item  post-109 project type-project status-publish has-post-thumbnail hentry\">\r\n\t\t\t\t\t\t\t\t<div class=\"et_pb_portfolio_image landscape\">\r\n\t\t\t\t\t\t<a href=\"https:\/\/ddcity.com.br\/yl\/wp-content\/uploads\/2015\/03\/6.jpg\" class=\"et_pb_lightbox_image\">\r\n<img src=\"https:\/\/ddcity.com.br\/yl\/wp-content\/uploads\/2015\/03\/6.jpg\" alt=\"Foto6\"\/>\r\n\t\t\t\t\t\t\t<div class=\"meta\">\r\n\t\t\t\t\t\t\t\t<span class=\"et_overlay\"><\/span>\r\n\r\n\t\t\t\t\t\t\t\t\r\n\t\t\t\t\t\t\t\t\t\t\t\t\t\t\t<\/div>\r\n\t\t\t\t\t\t<\/a>\r\n\t\t\t\t\t<\/div>\r\n\t\t\t\t\t\t<\/div>\r\n\t\t\t\t\t\t<div id=\"post-106\" class=\"et_pb_portfolio_item  post-106 project type-project status-publish has-post-thumbnail hentry\">\r\n\t\t\t\t\t\t\t\t<div class=\"et_pb_portfolio_image landscape\">\r\n\t\t\t\t\t\t<a href=\"https:\/\/ddcity.com.br\/yl\/wp-content\/uploads\/2015\/03\/5.jpg\" class=\"et_pb_lightbox_image\">\r\n<img src=\"https:\/\/ddcity.com.br\/yl\/wp-content\/uploads\/2015\/03\/5.jpg\" alt=\"Foto5\"\/>\r\n\t\t\t\t\t\t\t<div class=\"meta\">\r\n\t\t\t\t\t\t\t\t<span class=\"et_overlay\"><\/span>\r\n\r\n\t\t\t\t\t\t\t\t\r\n\t\t\t\t\t\t\t\t\t\t\t\t\t\t\t<\/div>\r\n\t\t\t\t\t\t<\/a>\r\n\t\t\t\t\t<\/div>\r\n\t\t\t\t\t\t<\/div>\r\n\t\t\t\t\t\t<div id=\"post-103\" class=\"et_pb_portfolio_item  post-103 project type-project status-publish has-post-thumbnail hentry\">\r\n\t\t\t\t\t\t\t\t<div class=\"et_pb_portfolio_image landscape\">\r\n\t\t\t\t\t\t<a href=\"https:\/\/ddcity.com.br\/yl\/wp-content\/uploads\/2015\/03\/4.jpg\" class=\"et_pb_lightbox_image\">\r\n<img src=\"https:\/\/ddcity.com.br\/yl\/wp-content\/uploads\/2015\/03\/4.jpg\" alt=\"Foto4\"\/>\r\n\t\t\t\t\t\t\t<div class=\"meta\">\r\n\t\t\t\t\t\t\t\t<span class=\"et_overlay\"><\/span>\r\n\r\n\t\t\t\t\t\t\t\t\r\n\t\t\t\t\t\t\t\t\t\t\t\t\t\t\t<\/div>\r\n\t\t\t\t\t\t<\/a>\r\n\t\t\t\t\t<\/div>\r\n\t\t\t\t\t\t<\/div>\r\n\t\t\t\t\t\t<div id=\"post-100\" class=\"et_pb_portfolio_item  post-100 project type-project status-publish has-post-thumbnail hentry\">\r\n\t\t\t\t\t\t\t\t<div class=\"et_pb_portfolio_image landscape\">\r\n\t\t\t\t\t\t<a href=\"https:\/\/ddcity.com.br\/yl\/wp-content\/uploads\/2015\/03\/3.jpg\" class=\"et_pb_lightbox_image\">\r\n<img src=\"https:\/\/ddcity.com.br\/yl\/wp-content\/uploads\/2015\/03\/3.jpg\" alt=\"Foto3\"\/>\r\n\t\t\t\t\t\t\t<div class=\"meta\">\r\n\t\t\t\t\t\t\t\t<span class=\"et_overlay\"><\/span>\r\n\r\n\t\t\t\t\t\t\t\t\r\n\t\t\t\t\t\t\t\t\t\t\t\t\t\t\t<\/div>\r\n\t\t\t\t\t\t<\/a>\r\n\t\t\t\t\t<\/div>\r\n\t\t\t\t\t\t<\/div>\r\n\t\t\t\t\t\t<div id=\"post-91\" class=\"et_pb_portfolio_item  post-91 project type-project status-publish has-post-thumbnail hentry\">\r\n\t\t\t\t\t\t\t\t<div class=\"et_pb_portfolio_image landscape\">\r\n\t\t\t\t\t\t<a href=\"https:\/\/ddcity.com.br\/yl\/wp-content\/uploads\/2015\/03\/2.jpg\" class=\"et_pb_lightbox_image\">\r\n<img src=\"https:\/\/ddcity.com.br\/yl\/wp-content\/uploads\/2015\/03\/2.jpg\" alt=\"Foto2\"\/>\r\n\t\t\t\t\t\t\t<div class=\"meta\">\r\n\t\t\t\t\t\t\t\t<span class=\"et_overlay\"><\/span>\r\n\r\n\t\t\t\t\t\t\t\t\r\n\t\t\t\t\t\t\t\t\t\t\t\t\t\t\t<\/div>\r\n\t\t\t\t\t\t<\/a>\r\n\t\t\t\t\t<\/div>\r\n\t\t\t\t\t\t<\/div>\r\n\t\t\t\t\t\t<div id=\"post-88\" class=\"et_pb_portfolio_item  post-88 project type-project status-publish has-post-thumbnail hentry\">\r\n\t\t\t\t\t\t\t\t<div class=\"et_pb_portfolio_image landscape\">\r\n\t\t\t\t\t\t<a href=\"https:\/\/ddcity.com.br\/yl\/wp-content\/uploads\/2015\/03\/1.jpg\" class=\"et_pb_lightbox_image\">\r\n<img src=\"https:\/\/ddcity.com.br\/yl\/wp-content\/uploads\/2015\/03\/1.jpg\" alt=\"Foto1\"\/>\r\n\t\t\t\t\t\t\t<div class=\"meta\">\r\n\t\t\t\t\t\t\t\t<span class=\"et_overlay\"><\/span>\r\n\r\n\t\t\t\t\t\t\t\t\r\n\t\t\t\t\t\t\t\t\t\t\t\t\t\t\t<\/div>\r\n\t\t\t\t\t\t<\/a>\r\n\t\t\t\t\t<\/div>\r\n\t\t\t\t\t\t<\/div>\r\n\t\t\t\r\n\t\t\t<\/div><!-- .et_pb_portfolio_items -->\r\n\t\t<\/div> <!-- .et_pb_fullwidth_portfolio -->\r\n\t\t\t\r\n\t\t<\/div> <!-- .et_pb_section --><div id=\"contato\" class=\"et_pb_section et_section_regular\" style='background-color:#ffffff;'>\r\n\t\t\t\r\n\t\t\t\r\n\t\t\t\t\r\n\t\t\t\t<div class=\"et_pb_row\">\r\n\t\t\t<div class=\"et_pb_column et_pb_column_1_2\">\r\n\t\t\t<div class=\"et_pb_text et_pb_bg_layout_light et_pb_text_align_left\">\r\n\t\t\t\n<h2>Solicite j\u00e1 o seu or\u00e7amento<\/h2>\n<h3><span style=\"color: #00ccff;\"><strong><a href=\"http:\/\/ddcity.com.br\/yl\/wp-content\/uploads\/2015\/03\/whats_20.png\"><img decoding=\"async\" loading=\"lazy\" class=\"alignnone size-full wp-image-164\" src=\"http:\/\/ddcity.com.br\/yl\/wp-content\/uploads\/2015\/03\/whats_20.png\" alt=\"whats_20\" width=\"20\" height=\"20\" \/><\/a>\u00a0(11)\u00a094722-9748<\/strong><\/span><\/h3>\n<h3>ddcity@ddcity.com.br<\/h3>\n\r\n\t\t<\/div> <!-- .et_pb_text --><img src=\"http:\/\/ddcity.com.br\/yl\/wp-content\/uploads\/2015\/03\/contato_2.png\" alt=\"\" class=\"et-waypoint et_pb_image et_pb_animation_left\" \/>\r\n\t\t<\/div> <!-- .et_pb_column --><div class=\"et_pb_column et_pb_column_1_2\">\r\n\t\t\t\r\n\t\t<div id=\"et_pb_contact_form_1\" class=\"et_pb_contact_form_container clearfix\">\r\n\t\t\t<h1 class=\"et_pb_contact_main_title\">Envie a sua mensagem pelo formul\u00e1rio<\/h1>\r\n\t\t\t\r\n\t\t\t\r\n\t\t\t<div class=\"et_pb_contact\">\r\n\t\t\t\t<div class=\"et-pb-contact-message\"><\/div>\r\n\r\n\t\t\t\t<form class=\"et_pb_contact_form clearfix\" method=\"post\" action=\"https:\/\/ddcity.com.br\/?project=foto1\">\r\n\t\t\t\t\t<div class=\"et_pb_contact_left\">\r\n\t\t\t\t\t\t<p class=\"clearfix\">\r\n\t\t\t\t\t\t\t<label class=\"et_pb_contact_form_label\">Nome<\/label>\r\n\t\t\t\t\t\t\t<input type=\"text\" class=\"input et_pb_contact_name\" value=\"Nome\" name=\"et_pb_contact_name\">\r\n\t\t\t\t\t\t<\/p>\r\n\t\t\t\t\t\t<p class=\"clearfix\">\r\n\t\t\t\t\t\t\t<label class=\"et_pb_contact_form_label\">Email<\/label>\r\n\t\t\t\t\t\t\t<input type=\"text\" class=\"input et_pb_contact_email\" value=\"Email\" name=\"et_pb_contact_email\">\r\n\t\t\t\t\t\t<\/p>\r\n\t\t\t\t\t<\/div> <!-- .et_pb_contact_left -->\r\n\r\n\t\t\t\t\t<div class=\"clear\"><\/div>\r\n\t\t\t\t\t<p class=\"clearfix\">\r\n\t\t\t\t\t\t<label class=\"et_pb_contact_form_label\">Mensagem<\/label>\r\n\t\t\t\t\t\t<textarea name=\"et_pb_contact_message\" class=\"et_pb_contact_message input\">Mensagem<\/textarea>\r\n\t\t\t\t\t<\/p>\r\n\r\n\t\t\t\t\t<input type=\"hidden\" value=\"et_contact_proccess\" name=\"et_pb_contactform_submit\">\r\n\r\n\t\t\t\t\t<input type=\"submit\" value=\"Enviar\" class=\"et_pb_contact_submit\">\r\n\r\n\t\t\t\t\t\r\n\r\n\t\t\t\t\t<input type=\"hidden\" id=\"_wpnonce-et-pb-contact-form-submitted\" name=\"_wpnonce-et-pb-contact-form-submitted\" value=\"bf6344e789\" \/><input type=\"hidden\" name=\"_wp_http_referer\" value=\"\/index.php?rest_route=%2Fwp%2Fv2%2Fpages%2F42\" \/>\r\n\t\t\t\t<\/form>\r\n\t\t\t<\/div> <!-- .et_pb_contact -->\r\n\t\t<\/div> <!-- .et_pb_contact_form_container -->\r\n\t\t\r\n\t\t<\/div> <!-- .et_pb_column -->\r\n\t\t<\/div> <!-- .et_pb_row -->\r\n\t\t\t\r\n\t\t<\/div> <!-- .et_pb_section --><div id=\"localizacao\" class=\"et_pb_section et_pb_fullwidth_section et_section_regular\" style='background-color:#ffffff;'>\r\n\t\t\t\r\n\t\t\t\r\n\t\t\t\t\r\n\t\t\t\t<div class=\"et_pb_map_container\">\r\n\t\t\t<div class=\"et_pb_map\" data-center-lat=\"-23.6048277\" data-center-lng=\"-46.753771099999994\" data-zoom=\"15\" data-mouse-wheel=\"off\"><\/div>\r\n\t\t\t<div class=\"et_pb_map_pin\" data-lat=\"-23.6048277\" data-lng=\"-46.753771099999994\" data-title=\"DD CITY\">\r\n\t\t\t<div class=\"infowindow\">\n<p>RUA SANTA LUZIA, 383<\/p>\n<p>CENTRO &#8211; TABO\u00c3O DA SERRA &#8211; SP<\/p>\n<p>CEP:\u00a006754-005<\/p>\n<\/div>\r\n\t\t<\/div>\r\n\t\t<\/div>\r\n\t\t\t\r\n\t\t<\/div> <!-- .et_pb_section --><\/p>\n","protected":false},"excerpt":{"rendered":"","protected":false},"author":1,"featured_media":0,"parent":0,"menu_order":0,"comment_status":"open","ping_status":"open","template":"","meta":[],"_links":{"self":[{"href":"https:\/\/ddcity.com.br\/index.php?rest_route=\/wp\/v2\/pages\/42"}],"collection":[{"href":"https:\/\/ddcity.com.br\/index.php?rest_route=\/wp\/v2\/pages"}],"about":[{"href":"https:\/\/ddcity.com.br\/index.php?rest_route=\/wp\/v2\/types\/page"}],"author":[{"embeddable":true,"href":"https:\/\/ddcity.com.br\/index.php?rest_route=\/wp\/v2\/users\/1"}],"replies":[{"embeddable":true,"href":"https:\/\/ddcity.com.br\/index.php?rest_route=%2Fwp%2Fv2%2Fcomments&post=42"}],"version-history":[{"count":41,"href":"https:\/\/ddcity.com.br\/index.php?rest_route=\/wp\/v2\/pages\/42\/revisions"}],"predecessor-version":[{"id":172,"href":"https:\/\/ddcity.com.br\/index.php?rest_route=\/wp\/v2\/pages\/42\/revisions\/172"}],"wp:attachment":[{"href":"https:\/\/ddcity.com.br\/index.php?rest_route=%2Fwp%2Fv2%2Fmedia&parent=42"}],"curies":[{"name":"wp","href":"https:\/\/api.w.org\/{rel}","templated":true}]}}